{"id":3,"date":"2025-02-20T12:49:29","date_gmt":"2025-02-20T11:49:29","guid":{"rendered":"http:\/\/desarrollo.limpiezasbarrientos.es\/?page_id=3"},"modified":"2025-03-01T12:27:41","modified_gmt":"2025-03-01T11:27:41","slug":"politica-privacidad","status":"publish","type":"page","link":"https:\/\/limpiezasbarrientos.es\/index.php\/politica-privacidad\/","title":{"rendered":"Pol\u00edtica de privacidad"},"content":{"rendered":"\n<h2 class=\"wp-block-heading\" style=\"font-size:28px\"><strong>Informaci\u00f3n sobre el responsable del tratamiento de los datos personales<\/strong><\/h2>\n\n\n\n<p>La empresa responsable del tratamiento de los datos recabados es <strong>Antolina Santos Sim\u00f3n S.L. (CIF: B 20605465), con domicilio en Ama Kandida 21, Pol. Denac &#8211; Pab. 301 20140 Andoain<\/strong>, en adelante, <strong>Limpiezas Barrientos<\/strong>. Asimismo, es leg\u00edtima titular del sitio web https:\/\/www.limpiezasbarrientos.es y de todos los subdominios y directorios incluidos el mismo (en adelante, conjuntamente denominados como \u201cSitio Web\u201d). Puede ponerse en contacto con <strong>Limpiezas Barrientos<\/strong> para cualquier aspecto relacionado con esta pol\u00edtica de privacidad, en la direcci\u00f3n de correo electr\u00f3nico&nbsp;info@limpiezasbarrientos.es.<\/p>\n\n\n\n<h3 class=\"wp-block-heading\" style=\"font-size:28px\"><strong>Finalidad del tratamiento de los datos personales<\/strong><\/h3>\n\n\n\n<p>En <strong>Limpiezas Barrientos<\/strong>&nbsp;trataremos sus datos personales recabados a trav\u00e9s del Sitio Web con las siguientes finalidades:<\/p>\n\n\n\n<ul class=\"wp-block-list\">\n<li>En caso de contrataci\u00f3n de los servicios de Limpiezas Barrientos, para mantener la relaci\u00f3n contractual, as\u00ed como la gesti\u00f3n, administraci\u00f3n, informaci\u00f3n, prestaci\u00f3n y mejora del servicio.<\/li>\n\n\n\n<li>Env\u00edo de informaci\u00f3n solicitada por el interesado.<\/li>\n\n\n\n<li>Remitir boletines de noticias (<em>newsletters)<\/em>, as\u00ed como comunicaciones comerciales de promociones y\/o publicidad de los servicios y eventos de&nbsp;Limpiezas Barrientos.<\/li>\n\n\n\n<li>Publicar los comentarios que realice en el blog de&nbsp;Limpiezas Barrientos.<\/li>\n<\/ul>\n\n\n\n<p>Cuando los visitantes dejan comentarios en la web, recopilamos los datos que se muestran en el formulario de comentarios, as\u00ed como la direcci\u00f3n IP del visitante y la cadena de agentes de usuario del navegador para ayudar a la detecci\u00f3n de spam.<\/p>\n\n\n\n<p>Una cadena an\u00f3nima creada a partir de tu direcci\u00f3n de correo electr\u00f3nico (tambi\u00e9n llamada hash) puede ser proporcionada al servicio de Gravatar para ver si la est\u00e1s usando. La pol\u00edtica de privacidad del servicio Gravatar est\u00e1 disponible aqu\u00ed:&nbsp;<a rel=\"noreferrer noopener\" href=\"https:\/\/automattic.com\/privacy\" target=\"_blank\">https:\/\/automattic.com\/privacy<\/a>\/. Despu\u00e9s de la aprobaci\u00f3n de tu comentario, la imagen de tu perfil es visible para el p\u00fablico en el contexto de su comentario.<\/p>\n\n\n\n<p>Si subes im\u00e1genes a la web deber\u00edas evitar subir im\u00e1genes con datos de ubicaci\u00f3n (GPS, EXIF) incluidos. Los visitantes de la web pueden descargar y extraer cualquier dato de localizaci\u00f3n de las im\u00e1genes de la web.<\/p>\n\n\n\n<p>Si dejas un comentario en nuestro sitio puedes elegir guardar tu nombre, direcci\u00f3n de correo electr\u00f3nico y web en cookies. Esto es para tu comodidad, para que no tengas que volver a rellenar tus datos cuando dejes otro comentario. Estas cookies tendr\u00e1n una duraci\u00f3n de un a\u00f1o.<\/p>\n\n\n\n<p>Si tienes una cuenta y te conectas a este sitio, instalaremos una cookie temporal para determinar si tu navegador acepta cookies. Esta cookie no contiene datos personales y se elimina al cerrar el navegador.<\/p>\n\n\n\n<p>Cuando inicias sesi\u00f3n, tambi\u00e9n instalaremos varias cookies para guardar tu informaci\u00f3n de inicio de sesi\u00f3n y tus opciones de visualizaci\u00f3n de pantalla. Las cookies de inicio de sesi\u00f3n duran dos d\u00edas, y las cookies de opciones de pantalla duran un a\u00f1o. Si seleccionas \u00abRecordarme\u00bb, tu inicio de sesi\u00f3n perdurar\u00e1 durante dos semanas. Si sales de tu cuenta, las cookies de inicio de sesi\u00f3n se eliminar\u00e1n.<\/p>\n\n\n\n<p>Si editas o publicas un art\u00edculo se guardar\u00e1 una cookie adicional en tu navegador. Esta cookie no incluye datos personales y simplemente indica el ID del art\u00edculo que acabas de editar. Caduca despu\u00e9s de 1 d\u00eda.<\/p>\n\n\n\n<p>Los art\u00edculos de este sitio pueden incluir contenido incrustado (por ejemplo, v\u00eddeos, im\u00e1genes, art\u00edculos, etc.). El contenido incrustado de otras webs se comporta exactamente de la misma manera que si el visitante hubiera visitado la otra web. Estas webs pueden recopilar datos sobre ti, utilizar cookies, incrustar un seguimiento adicional de terceros, y supervisar tu interacci\u00f3n con ese contenido incrustado, incluido el seguimiento de tu interacci\u00f3n con el contenido incrustado si tienes una cuenta y est\u00e1s conectado a esa web.<\/p>\n\n\n\n<p>Si dejas un comentario, el comentario y sus metadatos se conservan indefinidamente. Esto es para que podamos reconocer y aprobar comentarios sucesivos autom\u00e1ticamente en lugar de mantenerlos en una cola de moderaci\u00f3n.<\/p>\n\n\n\n<p>De los usuarios que se registran en nuestra web (si los hay), almacenamos la informaci\u00f3n personal que proporcionan en su perfil de usuario. Todos los usuarios pueden ver, editar o eliminar su informaci\u00f3n personal en cualquier momento (excepto que no pueden cambiar su nombre de usuario). Los administradores de la web tambi\u00e9n pueden ver y editar esa informaci\u00f3n.<\/p>\n\n\n\n<p>Te recordamos que puedes oponerte al env\u00edo de comunicaciones comerciales en cualquier momento, remitiendo un correo electr\u00f3nico a la direcci\u00f3n de correo electr\u00f3nico indicada anteriormente.<\/p>\n\n\n\n<p>Los datos personales proporcionados se conservar\u00e1n mientras exista un inter\u00e9s mutuo para mantener el fin del tratamiento y durante el plazo por el cual pudieran derivarse responsabilidades por los servicios prestados al interesado<\/p>\n\n\n\n<p>Cuando ya no sea necesario para tales fines, se suprimir\u00e1n con medidas de seguridad adecuadas para garantizar la seudonimizaci\u00f3n de los datos o la destrucci\u00f3n total de los mismos.<\/p>\n\n\n\n<h3 class=\"wp-block-heading\"><strong>Legitimaci\u00f3n<\/strong><\/h3>\n\n\n\n<p>El tratamiento de sus datos se realiza con la base jur\u00eddica consistente de la legitimaci\u00f3n que otorga su solicitud de informaci\u00f3n y\/o la contrataci\u00f3n de los servicios de Limpiezas Barrientos, cuyos t\u00e9rminos y condiciones se pondr\u00e1n a su disposici\u00f3n en todo caso, de forma previa a una eventual contrataci\u00f3n.<\/p>\n\n\n\n<p>En caso de que no nos facilite sus datos o lo haga de forma err\u00f3nea o incompleta, no podremos atender su solicitud, resultando del todo imposible proporcionarle la informaci\u00f3n solicitada o llevar a cabo la contrataci\u00f3n de los servicios.<\/p>\n\n\n\n<p>Tambi\u00e9n se legitimar\u00e1 el tratamiento de sus datos mediante la base jur\u00eddica del consentimiento libre, espec\u00edfico, informado e inequ\u00edvoco, en tanto que le proporcionaremos informaci\u00f3n clara sobre nuestra pol\u00edtica de privacidad en relaci\u00f3n con el tratamiento de los datos recabados, facilitando mecanismos para que de forma previa a que nos facilite sus datos, pueda acceder a esa informaci\u00f3n, y en caso de estar conforme, proceder a su aceptaci\u00f3n a trav\u00e9s de una declaraci\u00f3n o clara acci\u00f3n afirmativa.<\/p>\n\n\n\n<p>Le recordamos que dispone del derecho a retirar el consentimiento para cualquier finalidad espec\u00edfica otorgada en su momento, sin que ello afecte a la licitud del tratamiento basado en el consentimiento previo a su retirada.<\/p>\n\n\n\n<h3 class=\"wp-block-heading\" style=\"font-size:28px\"><strong>Destinatarios<\/strong><\/h3>\n\n\n\n<p>Los datos no se comunicar\u00e1n a ning\u00fan tercero ajeno a Limpiezas Barrientos, salvo obligaci\u00f3n legal o se le informe de ello de forma expresa.<\/p>\n\n\n\n<p>Los comentarios de los visitantes puede que los revise un servicio de detecci\u00f3n autom\u00e1tica de spam.<\/p>\n\n\n\n<p>Este sitio utiliza&nbsp;<a href=\"https:\/\/policies.google.com\/technologies\/cookies?hl=es\" target=\"_blank\" rel=\"noreferrer noopener\">cookies de Google<\/a>&nbsp;para prestar sus servicios y para analizar su tr\u00e1fico. Tu direcci\u00f3n IP y user-agent se comparten con Google, junto con las m\u00e9tricas de rendimiento y de seguridad, para garantizar la calidad del servicio, generar estad\u00edsticas de uso y detectar y solucionar abusos.<\/p>\n\n\n\n<h3 class=\"wp-block-heading\" style=\"font-size:28px\"><strong>Derechos<\/strong><\/h3>\n\n\n\n<p>Como interesado que nos ha proporcionado sus datos personales, tiene pleno derecho a obtener confirmaci\u00f3n sobre si en Limpiezas Barrientos estamos tratando sus datos personales. En concreto, est\u00e1 facultado para ejercitar los siguientes derechos que la normativa en materia de protecci\u00f3n de datos le reconoce, conforme a lo previsto en la misma:<\/p>\n\n\n\n<ul class=\"wp-block-list\">\n<li>Derecho de ACCESO a sus datos personales<\/li>\n\n\n\n<li>Derecho de solicitar la RECTIFICACI\u00d3N de los datos inexactos<\/li>\n\n\n\n<li>Derecho de solicitar la SUPRESI\u00d3N de sus datos, cuando, entre otros motivos, los datos ya no sean<br>necesarios para los fines que fueron recogidos.<\/li>\n\n\n\n<li>En determinadas circunstancias, podr\u00e1 solicitar la LIMITACI\u00d3N DEL TRATAMIENTO de sus datos, en cuyo caso \u00fanicamente los conservaremos para el ejercicio o la defensa de reclamaciones.<\/li>\n\n\n\n<li>En determinadas circunstancias y por motivos relacionados con su situaci\u00f3n particular, los interesados podr\u00e1n ejercitar su derecho de OPOSICI\u00d3N al tratamiento de sus datos.<\/li>\n<\/ul>\n\n\n\n<p>Dejaremos de tratar los datos, salvo por motivos leg\u00edtimos imperiosos, o el ejercicio o la defensa de posibles reclamaciones.<\/p>\n\n\n\n<p>Podr\u00e1 ejercer sus derechos mediante comunicaci\u00f3n a la direcci\u00f3n de correo electr\u00f3nico <strong>info@limpiezasbarrientos.es<\/strong>&nbsp;o a la direcci\u00f3n postal:&nbsp;<strong>Ama Kandida Hiribidea, 21 20140 Andoain Gipuzkoa<\/strong>.<\/p>\n\n\n\n<p>En caso de que se hubiera vulnerado cualquiera de sus derechos, como interesado, est\u00e1 facultado para presentar una reclamaci\u00f3n ante la Agencia Espa\u00f1ola de Protecci\u00f3n de Datos (AEPD), en C\/ Jorge Juan, 6, 28001-Madrid o a trav\u00e9s de la sede electr\u00f3nica de la AEPD:&nbsp;<a href=\"https:\/\/sedeagpd.gob.es\/sede-electronica-web\/\">https:\/\/sedeagpd.gob.es\/sede-electronica-web\/<\/a>.<\/p>\n\n\n\n<h3 class=\"wp-block-heading\" style=\"font-size:28px\"><strong>Seguridad y actualizaci\u00f3n de sus datos personales<\/strong><\/h3>\n\n\n\n<p>Con el objetivo de salvaguardar la seguridad de sus datos personales, le informamos que se han adoptado todas las medidas de \u00edndole t\u00e9cnica y organizativa necesarias para garantizar la seguridad de los datos personales suministrados. Todo ello para evitar su alteraci\u00f3n, p\u00e9rdida, y\/o tratamientos o accesos no autorizados, tal como exige la normativa, si bien la seguridad absoluta no existe.<\/p>\n\n\n\n<p>Es importante que, para que podamos mantener sus datos personales actualizados, nos informe siempre que se produzca una modificaci\u00f3n de los mismos.<\/p>\n\n\n\n<h3 class=\"wp-block-heading\"><strong>Confidencialidad<\/strong><\/h3>\n\n\n\n<p style=\"font-size:16px\">Le informamos asimismo de que sus datos ser\u00e1n tratados con el m\u00e1ximo celo y confidencialidad por todo el personal que intervenga en cualquiera de las fases del tratamiento. No cederemos ni comunicaremos a ning\u00fan tercero sus datos, excepto en los casos legalmente previstos o salvo que nos hubiera autorizado de forma expresa.<\/p>\n\n\n\n<p><\/p>\n","protected":false},"excerpt":{"rendered":"<p>Informaci\u00f3n sobre el responsable del tratamiento de los datos personales La empresa responsable del tratamiento de los datos recabados es Antolina Santos Sim\u00f3n S.L. (CIF: B 20605465), con domicilio en Ama Kandida 21, Pol. Denac &#8211; Pab. 301 20140 Andoain, en adelante, Limpiezas Barrientos. Asimismo, es leg\u00edtima titular del sitio web https:\/\/www.limpiezasbarrientos.es y de todos&#8230;<\/p>\n","protected":false},"author":1,"featured_media":0,"parent":0,"menu_order":0,"comment_status":"closed","ping_status":"open","template":"","meta":{"_kadence_starter_templates_imported_post":false,"_kad_post_transparent":"","_kad_post_title":"","_kad_post_layout":"","_kad_post_sidebar_id":"","_kad_post_content_style":"","_kad_post_vertical_padding":"","_kad_post_feature":"","_kad_post_feature_position":"","_kad_post_header":false,"_kad_post_footer":false,"footnotes":""},"class_list":["post-3","page","type-page","status-publish","hentry"],"yoast_head":"<!-- This site is optimized with the Yoast SEO plugin v25.2 - https:\/\/yoast.com\/wordpress\/plugins\/seo\/ -->\n<title>Pol\u00edtica de privacidad - limpiezasbarrientos.es<\/title>\n<meta name=\"robots\" content=\"index, follow, max-snippet:-1, max-image-preview:large, max-video-preview:-1\" \/>\n<link rel=\"canonical\" href=\"https:\/\/limpiezasbarrientos.es\/index.php\/politica-privacidad\/\" \/>\n<meta property=\"og:locale\" content=\"es_ES\" \/>\n<meta property=\"og:type\" content=\"article\" \/>\n<meta property=\"og:title\" content=\"Pol\u00edtica de privacidad - limpiezasbarrientos.es\" \/>\n<meta property=\"og:description\" content=\"Informaci\u00f3n sobre el responsable del tratamiento de los datos personales La empresa responsable del tratamiento de los datos recabados es Antolina Santos Sim\u00f3n S.L. (CIF: B 20605465), con domicilio en Ama Kandida 21, Pol. Denac &#8211; Pab. 301 20140 Andoain, en adelante, Limpiezas Barrientos. Asimismo, es leg\u00edtima titular del sitio web https:\/\/www.limpiezasbarrientos.es y de todos...\" \/>\n<meta property=\"og:url\" content=\"https:\/\/limpiezasbarrientos.es\/index.php\/politica-privacidad\/\" \/>\n<meta property=\"og:site_name\" content=\"limpiezasbarrientos.es\" \/>\n<meta property=\"article:modified_time\" content=\"2025-03-01T11:27:41+00:00\" \/>\n<meta name=\"twitter:card\" content=\"summary_large_image\" \/>\n<meta name=\"twitter:label1\" content=\"Tiempo de lectura\" \/>\n\t<meta name=\"twitter:data1\" content=\"7 minutos\" \/>\n<script type=\"application\/ld+json\" class=\"yoast-schema-graph\">{\"@context\":\"https:\/\/schema.org\",\"@graph\":[{\"@type\":\"WebPage\",\"@id\":\"https:\/\/limpiezasbarrientos.es\/index.php\/politica-privacidad\/\",\"url\":\"https:\/\/limpiezasbarrientos.es\/index.php\/politica-privacidad\/\",\"name\":\"Pol\u00edtica de privacidad - limpiezasbarrientos.es\",\"isPartOf\":{\"@id\":\"https:\/\/limpiezasbarrientos.es\/#website\"},\"datePublished\":\"2025-02-20T11:49:29+00:00\",\"dateModified\":\"2025-03-01T11:27:41+00:00\",\"breadcrumb\":{\"@id\":\"https:\/\/limpiezasbarrientos.es\/index.php\/politica-privacidad\/#breadcrumb\"},\"inLanguage\":\"es\",\"potentialAction\":[{\"@type\":\"ReadAction\",\"target\":[\"https:\/\/limpiezasbarrientos.es\/index.php\/politica-privacidad\/\"]}]},{\"@type\":\"BreadcrumbList\",\"@id\":\"https:\/\/limpiezasbarrientos.es\/index.php\/politica-privacidad\/#breadcrumb\",\"itemListElement\":[{\"@type\":\"ListItem\",\"position\":1,\"name\":\"Portada\",\"item\":\"https:\/\/limpiezasbarrientos.es\/\"},{\"@type\":\"ListItem\",\"position\":2,\"name\":\"Pol\u00edtica de privacidad\"}]},{\"@type\":\"WebSite\",\"@id\":\"https:\/\/limpiezasbarrientos.es\/#website\",\"url\":\"https:\/\/limpiezasbarrientos.es\/\",\"name\":\"limpiezasbarrientos.es\",\"description\":\"Empresas de limpieza en Gipuzkoa\",\"publisher\":{\"@id\":\"https:\/\/limpiezasbarrientos.es\/#organization\"},\"potentialAction\":[{\"@type\":\"SearchAction\",\"target\":{\"@type\":\"EntryPoint\",\"urlTemplate\":\"https:\/\/limpiezasbarrientos.es\/?s={search_term_string}\"},\"query-input\":{\"@type\":\"PropertyValueSpecification\",\"valueRequired\":true,\"valueName\":\"search_term_string\"}}],\"inLanguage\":\"es\"},{\"@type\":\"Organization\",\"@id\":\"https:\/\/limpiezasbarrientos.es\/#organization\",\"name\":\"limpiezasbarrientos.es\",\"url\":\"https:\/\/limpiezasbarrientos.es\/\",\"logo\":{\"@type\":\"ImageObject\",\"inLanguage\":\"es\",\"@id\":\"https:\/\/limpiezasbarrientos.es\/#\/schema\/logo\/image\/\",\"url\":\"https:\/\/limpiezasbarrientos.es\/wp-content\/uploads\/2025\/02\/Barrientos-LOGO-HORIZONTAL-transparente-1.png\",\"contentUrl\":\"https:\/\/limpiezasbarrientos.es\/wp-content\/uploads\/2025\/02\/Barrientos-LOGO-HORIZONTAL-transparente-1.png\",\"width\":5670,\"height\":2268,\"caption\":\"limpiezasbarrientos.es\"},\"image\":{\"@id\":\"https:\/\/limpiezasbarrientos.es\/#\/schema\/logo\/image\/\"}}]}<\/script>\n<!-- \/ Yoast SEO plugin. -->","yoast_head_json":{"title":"Pol\u00edtica de privacidad - limpiezasbarrientos.es","robots":{"index":"index","follow":"follow","max-snippet":"max-snippet:-1","max-image-preview":"max-image-preview:large","max-video-preview":"max-video-preview:-1"},"canonical":"https:\/\/limpiezasbarrientos.es\/index.php\/politica-privacidad\/","og_locale":"es_ES","og_type":"article","og_title":"Pol\u00edtica de privacidad - limpiezasbarrientos.es","og_description":"Informaci\u00f3n sobre el responsable del tratamiento de los datos personales La empresa responsable del tratamiento de los datos recabados es Antolina Santos Sim\u00f3n S.L. (CIF: B 20605465), con domicilio en Ama Kandida 21, Pol. Denac &#8211; Pab. 301 20140 Andoain, en adelante, Limpiezas Barrientos. Asimismo, es leg\u00edtima titular del sitio web https:\/\/www.limpiezasbarrientos.es y de todos...","og_url":"https:\/\/limpiezasbarrientos.es\/index.php\/politica-privacidad\/","og_site_name":"limpiezasbarrientos.es","article_modified_time":"2025-03-01T11:27:41+00:00","twitter_card":"summary_large_image","twitter_misc":{"Tiempo de lectura":"7 minutos"},"schema":{"@context":"https:\/\/schema.org","@graph":[{"@type":"WebPage","@id":"https:\/\/limpiezasbarrientos.es\/index.php\/politica-privacidad\/","url":"https:\/\/limpiezasbarrientos.es\/index.php\/politica-privacidad\/","name":"Pol\u00edtica de privacidad - limpiezasbarrientos.es","isPartOf":{"@id":"https:\/\/limpiezasbarrientos.es\/#website"},"datePublished":"2025-02-20T11:49:29+00:00","dateModified":"2025-03-01T11:27:41+00:00","breadcrumb":{"@id":"https:\/\/limpiezasbarrientos.es\/index.php\/politica-privacidad\/#breadcrumb"},"inLanguage":"es","potentialAction":[{"@type":"ReadAction","target":["https:\/\/limpiezasbarrientos.es\/index.php\/politica-privacidad\/"]}]},{"@type":"BreadcrumbList","@id":"https:\/\/limpiezasbarrientos.es\/index.php\/politica-privacidad\/#breadcrumb","itemListElement":[{"@type":"ListItem","position":1,"name":"Portada","item":"https:\/\/limpiezasbarrientos.es\/"},{"@type":"ListItem","position":2,"name":"Pol\u00edtica de privacidad"}]},{"@type":"WebSite","@id":"https:\/\/limpiezasbarrientos.es\/#website","url":"https:\/\/limpiezasbarrientos.es\/","name":"limpiezasbarrientos.es","description":"Empresas de limpieza en Gipuzkoa","publisher":{"@id":"https:\/\/limpiezasbarrientos.es\/#organization"},"potentialAction":[{"@type":"SearchAction","target":{"@type":"EntryPoint","urlTemplate":"https:\/\/limpiezasbarrientos.es\/?s={search_term_string}"},"query-input":{"@type":"PropertyValueSpecification","valueRequired":true,"valueName":"search_term_string"}}],"inLanguage":"es"},{"@type":"Organization","@id":"https:\/\/limpiezasbarrientos.es\/#organization","name":"limpiezasbarrientos.es","url":"https:\/\/limpiezasbarrientos.es\/","logo":{"@type":"ImageObject","inLanguage":"es","@id":"https:\/\/limpiezasbarrientos.es\/#\/schema\/logo\/image\/","url":"https:\/\/limpiezasbarrientos.es\/wp-content\/uploads\/2025\/02\/Barrientos-LOGO-HORIZONTAL-transparente-1.png","contentUrl":"https:\/\/limpiezasbarrientos.es\/wp-content\/uploads\/2025\/02\/Barrientos-LOGO-HORIZONTAL-transparente-1.png","width":5670,"height":2268,"caption":"limpiezasbarrientos.es"},"image":{"@id":"https:\/\/limpiezasbarrientos.es\/#\/schema\/logo\/image\/"}}]}},"_links":{"self":[{"href":"https:\/\/limpiezasbarrientos.es\/index.php\/wp-json\/wp\/v2\/pages\/3","targetHints":{"allow":["GET"]}}],"collection":[{"href":"https:\/\/limpiezasbarrientos.es\/index.php\/wp-json\/wp\/v2\/pages"}],"about":[{"href":"https:\/\/limpiezasbarrientos.es\/index.php\/wp-json\/wp\/v2\/types\/page"}],"author":[{"embeddable":true,"href":"https:\/\/limpiezasbarrientos.es\/index.php\/wp-json\/wp\/v2\/users\/1"}],"replies":[{"embeddable":true,"href":"https:\/\/limpiezasbarrientos.es\/index.php\/wp-json\/wp\/v2\/comments?post=3"}],"version-history":[{"count":4,"href":"https:\/\/limpiezasbarrientos.es\/index.php\/wp-json\/wp\/v2\/pages\/3\/revisions"}],"predecessor-version":[{"id":800,"href":"https:\/\/limpiezasbarrientos.es\/index.php\/wp-json\/wp\/v2\/pages\/3\/revisions\/800"}],"wp:attachment":[{"href":"https:\/\/limpiezasbarrientos.es\/index.php\/wp-json\/wp\/v2\/media?parent=3"}],"curies":[{"name":"wp","href":"https:\/\/api.w.org\/{rel}","templated":true}]}}